{"id":57,"date":"2020-09-27T19:48:47","date_gmt":"2020-09-27T17:48:47","guid":{"rendered":"http:\/\/hochzeitvonkatjaundjan.de\/?page_id=57"},"modified":"2022-11-04T17:42:07","modified_gmt":"2022-11-04T15:42:07","slug":"reden-spiele-co","status":"publish","type":"page","link":"https:\/\/hochzeitvonkatjaundjan.de\/?page_id=57","title":{"rendered":"Reden, Spiele &#038; Co."},"content":{"rendered":"<p>Ihr m\u00f6chtet dazu beitragen, dass unsere Feier etwas ganz besonderes wird?<br \/>\nGerne k\u00f6nnt Ihr euch in unterschiedlichen Formen beteiligen.<\/p>\n<p>Ihr m\u00f6chtet das Abendprogramm mitgestalten? Unsere talentierte und \u00fcberaus kompetente Moderatorin Ina Baucke nimmt Eure Ideen auf und koordiniert sie:<br \/>\nina.baucke[at]web.de<\/p>\n<p>Unsere rasende Reporterin Bianca Baucke freut sich \u00fcber Fotos, Anekdoten oder ganze Artikel f\u00fcr die Hochzeitszeitung:<br \/>\nxxxx xxxxxxx<\/p>\n<p>Noch ausstehend ist, ob wir ein Kuchen und\/oder Salatbuffet selbst stellen. Sagt aber gerne schon einmal Bescheid, wenn Ihr euch beteiligen wollen w\u00fcrdet.<\/p>\n","protected":false},"excerpt":{"rendered":"<p>Ihr m\u00f6chtet dazu beitragen, dass unsere Feier etwas ganz besonderes wird? Gerne k\u00f6nnt Ihr euch in unterschiedlichen Formen beteiligen. Ihr m\u00f6chtet das Abendprogramm mitgestalten? Unsere talentierte und \u00fcberaus kompetente Moderatorin Ina Baucke nimmt Eure Ideen auf und koordiniert sie: ina.baucke[at]web.de Unsere rasende Reporterin Bianca Baucke freut sich \u00fcber Fotos, Anekdoten oder ganze Artikel f\u00fcr die &hellip; <a href=\"https:\/\/hochzeitvonkatjaundjan.de\/?page_id=57\" class=\"more-link\"><span class=\"screen-reader-text\">\u201eReden, Spiele &#038; Co.\u201c <\/span>weiterlesen<\/a><\/p>\n","protected":false},"author":1,"featured_media":0,"parent":39,"menu_order":3,"comment_status":"closed","ping_status":"closed","template":"","meta":{"footnotes":""},"class_list":["post-57","page","type-page","status-publish","hentry"],"_links":{"self":[{"href":"https:\/\/hochzeitvonkatjaundjan.de\/index.php?rest_route=\/wp\/v2\/pages\/57","targetHints":{"allow":["GET"]}}],"collection":[{"href":"https:\/\/hochzeitvonkatjaundjan.de\/index.php?rest_route=\/wp\/v2\/pages"}],"about":[{"href":"https:\/\/hochzeitvonkatjaundjan.de\/index.php?rest_route=\/wp\/v2\/types\/page"}],"author":[{"embeddable":true,"href":"https:\/\/hochzeitvonkatjaundjan.de\/index.php?rest_route=\/wp\/v2\/users\/1"}],"replies":[{"embeddable":true,"href":"https:\/\/hochzeitvonkatjaundjan.de\/index.php?rest_route=%2Fwp%2Fv2%2Fcomments&post=57"}],"version-history":[{"count":4,"href":"https:\/\/hochzeitvonkatjaundjan.de\/index.php?rest_route=\/wp\/v2\/pages\/57\/revisions"}],"predecessor-version":[{"id":873,"href":"https:\/\/hochzeitvonkatjaundjan.de\/index.php?rest_route=\/wp\/v2\/pages\/57\/revisions\/873"}],"up":[{"embeddable":true,"href":"https:\/\/hochzeitvonkatjaundjan.de\/index.php?rest_route=\/wp\/v2\/pages\/39"}],"wp:attachment":[{"href":"https:\/\/hochzeitvonkatjaundjan.de\/index.php?rest_route=%2Fwp%2Fv2%2Fmedia&parent=57"}],"curies":[{"name":"wp","href":"https:\/\/api.w.org\/{rel}","templated":true}]}}