{"id":45,"date":"2020-09-27T19:37:24","date_gmt":"2020-09-27T17:37:24","guid":{"rendered":"http:\/\/hochzeitvonkatjaundjan.de\/?page_id=45"},"modified":"2022-03-28T22:12:09","modified_gmt":"2022-03-28T20:12:09","slug":"geschenke","status":"publish","type":"page","link":"https:\/\/hochzeitvonkatjaundjan.de\/?page_id=45","title":{"rendered":"Geschenke"},"content":{"rendered":"<p><center><em>Wir m\u00fcssen Euch<br \/>\nnoch schnell was sagen:<br \/>\nNicht des Schenkens wegen<br \/>\nseid Ihr eingeladen.<br \/>\nKommt mit guter Laune und viel Zeit,<br \/>\ndann macht Ihr uns die gr\u00f6\u00dfte Freud.<br \/>\nWollt Ihr uns trotzdem<br \/>\netwas schenken, k\u00f6nnt Ihr<br \/>\nan unser Sparschwein denken!<\/em><\/center><\/p>\n","protected":false},"excerpt":{"rendered":"<p>Wir m\u00fcssen Euch noch schnell was sagen: Nicht des Schenkens wegen seid Ihr eingeladen. Kommt mit guter Laune und viel Zeit, dann macht Ihr uns die gr\u00f6\u00dfte Freud. Wollt Ihr uns trotzdem etwas schenken, k\u00f6nnt Ihr an unser Sparschwein denken!<\/p>\n","protected":false},"author":1,"featured_media":0,"parent":39,"menu_order":4,"comment_status":"closed","ping_status":"closed","template":"","meta":{"footnotes":""},"class_list":["post-45","page","type-page","status-publish","hentry"],"_links":{"self":[{"href":"https:\/\/hochzeitvonkatjaundjan.de\/index.php?rest_route=\/wp\/v2\/pages\/45","targetHints":{"allow":["GET"]}}],"collection":[{"href":"https:\/\/hochzeitvonkatjaundjan.de\/index.php?rest_route=\/wp\/v2\/pages"}],"about":[{"href":"https:\/\/hochzeitvonkatjaundjan.de\/index.php?rest_route=\/wp\/v2\/types\/page"}],"author":[{"embeddable":true,"href":"https:\/\/hochzeitvonkatjaundjan.de\/index.php?rest_route=\/wp\/v2\/users\/1"}],"replies":[{"embeddable":true,"href":"https:\/\/hochzeitvonkatjaundjan.de\/index.php?rest_route=%2Fwp%2Fv2%2Fcomments&post=45"}],"version-history":[{"count":3,"href":"https:\/\/hochzeitvonkatjaundjan.de\/index.php?rest_route=\/wp\/v2\/pages\/45\/revisions"}],"predecessor-version":[{"id":179,"href":"https:\/\/hochzeitvonkatjaundjan.de\/index.php?rest_route=\/wp\/v2\/pages\/45\/revisions\/179"}],"up":[{"embeddable":true,"href":"https:\/\/hochzeitvonkatjaundjan.de\/index.php?rest_route=\/wp\/v2\/pages\/39"}],"wp:attachment":[{"href":"https:\/\/hochzeitvonkatjaundjan.de\/index.php?rest_route=%2Fwp%2Fv2%2Fmedia&parent=45"}],"curies":[{"name":"wp","href":"https:\/\/api.w.org\/{rel}","templated":true}]}}