{"id":43,"date":"2020-09-27T19:36:15","date_gmt":"2020-09-27T17:36:15","guid":{"rendered":"http:\/\/hochzeitvonkatjaundjan.de\/?page_id=43"},"modified":"2022-03-28T22:12:46","modified_gmt":"2022-03-28T20:12:46","slug":"hotels","status":"publish","type":"page","link":"https:\/\/hochzeitvonkatjaundjan.de\/?page_id=43","title":{"rendered":"Hotels"},"content":{"rendered":"<p>In diesem Hotel feiern wir unsere Hochzeit. Wer also direkt von der Feier ins Bett fallen m\u00f6chte, bucht sein Zimmer im\u00a0<a href=\"https:\/\/www.muehlenwerk-1857.de\/\" target=\"_blank\" rel=\"noopener noreferrer\">M\u00fchlenwerk 1857<\/a>.<br \/>\n<strong>Aufgrund der begrenzten Zimmerzahlen bitten wir euch, mit uns R\u00fccksprache zu halten, bevor Ihr dort bucht. Andere G\u00e4ste sind ggf. eher auf ein Zimmer angewiesen als Ihr.<\/strong><\/p>\n<p>Wer nicht direkt im Hotel \u00fcbernachten m\u00f6chte oder kann, kann sich nat\u00fcrlich auch eine andere\u00a0<a href=\"https:\/\/www.loehne.de\/Leben-in-L%C3%B6hne\/Kultur-und-Freizeit\/Zu-Gast-in-L%C3%B6hne\/%C3%9Cbernachten\/\">\u00dcbernachtungsm\u00f6glichkeit in L\u00f6hne<\/a>\u00a0suchen.<\/p>\n<p>Wer lieber in der N\u00e4he der Kirche bzw. des Wohnortes des Brautpaares \u00fcbernachten m\u00f6chte kann dies hier tun:<\/p>\n<p>Hotel Weitblick ist das n\u00e4chstgelegene Hotel:<\/p>\n<p><a href=\"https:\/\/hotel-weitblick-bielefeld.de\/\">https:\/\/hotel-weitblick-bielefeld.de\/<\/a><\/p>\n<p>Alle weiteren Hotels befinden sich im Bielefelder Innenstadtbereich. Ihr k\u00f6nnt auch dort sch\u00f6ne \u00dcbernachtungsm\u00f6glichkeiten finden.<\/p>\n<p>Zum Beispiel \u00fcber die <a href=\"https:\/\/www.bielefeld.jetzt\/hotels#\/unterkuenfte\">Hotel Seite<\/a> der Stadt oder die <a href=\"https:\/\/www.bielefeld.jetzt\/privatzimmer\">Ferienwohnungen<\/a>, welche ebenfalls \u00fcber die <a href=\"https:\/\/www.bielefeld.jetzt\/tourist-information\">Tourist Information<\/a> angeboten werden. <\/p>\n<p>&nbsp;<\/p>\n<p>Wir haben in keinem dieser Hotels selbst \u00fcbernachtet und k\u00f6nnen daher Vorschl\u00e4ge nur auf Basis von Distanzen zu den Veranstaltungsorten machen.<\/p>\n<p>Wir w\u00fcnschen einen bequemen Schlaf!<\/p>\n","protected":false},"excerpt":{"rendered":"<p>In diesem Hotel feiern wir unsere Hochzeit. Wer also direkt von der Feier ins Bett fallen m\u00f6chte, bucht sein Zimmer im\u00a0M\u00fchlenwerk 1857. Aufgrund der begrenzten Zimmerzahlen bitten wir euch, mit uns R\u00fccksprache zu halten, bevor Ihr dort bucht. Andere G\u00e4ste sind ggf. eher auf ein Zimmer angewiesen als Ihr. Wer nicht direkt im Hotel \u00fcbernachten &hellip; <a href=\"https:\/\/hochzeitvonkatjaundjan.de\/?page_id=43\" class=\"more-link\"><span class=\"screen-reader-text\">\u201eHotels\u201c <\/span>weiterlesen<\/a><\/p>\n","protected":false},"author":1,"featured_media":0,"parent":39,"menu_order":2,"comment_status":"closed","ping_status":"closed","template":"","meta":{"footnotes":""},"class_list":["post-43","page","type-page","status-publish","hentry"],"_links":{"self":[{"href":"https:\/\/hochzeitvonkatjaundjan.de\/index.php?rest_route=\/wp\/v2\/pages\/43","targetHints":{"allow":["GET"]}}],"collection":[{"href":"https:\/\/hochzeitvonkatjaundjan.de\/index.php?rest_route=\/wp\/v2\/pages"}],"about":[{"href":"https:\/\/hochzeitvonkatjaundjan.de\/index.php?rest_route=\/wp\/v2\/types\/page"}],"author":[{"embeddable":true,"href":"https:\/\/hochzeitvonkatjaundjan.de\/index.php?rest_route=\/wp\/v2\/users\/1"}],"replies":[{"embeddable":true,"href":"https:\/\/hochzeitvonkatjaundjan.de\/index.php?rest_route=%2Fwp%2Fv2%2Fcomments&post=43"}],"version-history":[{"count":6,"href":"https:\/\/hochzeitvonkatjaundjan.de\/index.php?rest_route=\/wp\/v2\/pages\/43\/revisions"}],"predecessor-version":[{"id":181,"href":"https:\/\/hochzeitvonkatjaundjan.de\/index.php?rest_route=\/wp\/v2\/pages\/43\/revisions\/181"}],"up":[{"embeddable":true,"href":"https:\/\/hochzeitvonkatjaundjan.de\/index.php?rest_route=\/wp\/v2\/pages\/39"}],"wp:attachment":[{"href":"https:\/\/hochzeitvonkatjaundjan.de\/index.php?rest_route=%2Fwp%2Fv2%2Fmedia&parent=43"}],"curies":[{"name":"wp","href":"https:\/\/api.w.org\/{rel}","templated":true}]}}