{"id":39,"date":"2020-09-27T19:35:03","date_gmt":"2020-09-27T17:35:03","guid":{"rendered":"http:\/\/hochzeitvonkatjaundjan.de\/?page_id=39"},"modified":"2022-03-28T22:21:24","modified_gmt":"2022-03-28T20:21:24","slug":"organisatorisches","status":"publish","type":"page","link":"https:\/\/hochzeitvonkatjaundjan.de\/?page_id=39","title":{"rendered":"Organisatorisches"},"content":{"rendered":"<p>Hier k\u00f6nnt ihr alle Informationen rund um die Hochzeit nachlesen.<\/p>\n<ul>\n<li><a href=\"https:\/\/hochzeitvonkatjaundjan.de\/?page_id=182\">Der Dresscode<\/a><\/li>\n<li><a href=\"http:\/\/hochzeitvonkatjaundjan.de\/?page_id=43\">Wo k\u00f6nnt ihr \u00fcbernachten?<\/a><\/li>\n<li><a href=\"http:\/\/hochzeitvonkatjaundjan.de\/?page_id=57\">An wen wenden?<\/a><\/li>\n<li><a href=\"http:\/\/hochzeitvonkatjaundjan.de\/?page_id=45\">Womit macht ihr uns (k)eine Freude<\/a><\/li>\n<li>usw.<\/li>\n<\/ul>\n","protected":false},"excerpt":{"rendered":"<p>Hier k\u00f6nnt ihr alle Informationen rund um die Hochzeit nachlesen. Der Dresscode Wo k\u00f6nnt ihr \u00fcbernachten? An wen wenden? Womit macht ihr uns (k)eine Freude usw.<\/p>\n","protected":false},"author":1,"featured_media":0,"parent":0,"menu_order":0,"comment_status":"closed","ping_status":"closed","template":"","meta":{"footnotes":""},"class_list":["post-39","page","type-page","status-publish","hentry"],"_links":{"self":[{"href":"https:\/\/hochzeitvonkatjaundjan.de\/index.php?rest_route=\/wp\/v2\/pages\/39","targetHints":{"allow":["GET"]}}],"collection":[{"href":"https:\/\/hochzeitvonkatjaundjan.de\/index.php?rest_route=\/wp\/v2\/pages"}],"about":[{"href":"https:\/\/hochzeitvonkatjaundjan.de\/index.php?rest_route=\/wp\/v2\/types\/page"}],"author":[{"embeddable":true,"href":"https:\/\/hochzeitvonkatjaundjan.de\/index.php?rest_route=\/wp\/v2\/users\/1"}],"replies":[{"embeddable":true,"href":"https:\/\/hochzeitvonkatjaundjan.de\/index.php?rest_route=%2Fwp%2Fv2%2Fcomments&post=39"}],"version-history":[{"count":8,"href":"https:\/\/hochzeitvonkatjaundjan.de\/index.php?rest_route=\/wp\/v2\/pages\/39\/revisions"}],"predecessor-version":[{"id":191,"href":"https:\/\/hochzeitvonkatjaundjan.de\/index.php?rest_route=\/wp\/v2\/pages\/39\/revisions\/191"}],"wp:attachment":[{"href":"https:\/\/hochzeitvonkatjaundjan.de\/index.php?rest_route=%2Fwp%2Fv2%2Fmedia&parent=39"}],"curies":[{"name":"wp","href":"https:\/\/api.w.org\/{rel}","templated":true}]}}