{"id":33,"date":"2020-09-27T17:28:29","date_gmt":"2020-09-27T17:28:29","guid":{"rendered":"http:\/\/hochzeitvonkatjaundjan.de\/?page_id=33"},"modified":"2022-08-09T12:44:51","modified_gmt":"2022-08-09T10:44:51","slug":"startseite","status":"publish","type":"page","link":"https:\/\/hochzeitvonkatjaundjan.de\/","title":{"rendered":"Startseite"},"content":{"rendered":"<p>Herzlich willkommen auf unserer Hochzeitswebseite!<\/p>\n<p>Wir hoffen, Ihr findet hier alle Informationen, die Ihr ben\u00f6tigt. Falls nicht, fragt uns.<\/p>\n<p>Viel Spa\u00df beim St\u00f6bern auf den Seiten.<\/p>\n<p>&nbsp;<\/p>\n<p>Alles Liebe und bis Bald<\/p>\n<p>Jan &amp; Katja<\/p>\n<p>&nbsp;<\/p>\n<h1 style=\"text-align: center;\">Bitte meldet Euch m\u00f6glichst zeitnah, jedoch sp\u00e4testens bis zum <em><strong>28. Mai 2022<\/strong><\/em>, \u00fcber das <a href=\"https:\/\/hochzeitvonkatjaundjan.de\/?page_id=78\">Kontaktformular<\/a> oder direkt bei uns zur\u00fcck, ob Ihr mit uns feiern k\u00f6nnt oder nicht !<\/h1>\n<p>&nbsp;<\/p>\n<p>Keiner von uns kann Vorausahnen, was im August m\u00f6glich sein wird und was nicht. Wir m\u00f6chten uns daher schon einmal im Voraus entschuldigen, sollten wir Euch in irgendeiner Form Unannehmlichkeiten bescheren. Gerne halten wir euch hier auch auf dem Laufen, wie die aktuelle Rechtslage in Bezug auf Hochzeitsfeiern in NRW ist.<\/p>\n<p>&nbsp;<\/p>\n<hr \/>\n<p>Neuste Aktualisierungen:<br \/>\n# Maskenpflicht in der Kirche und einige Uhrzeiten erg\u00e4nzt 09.08.22<br \/>\n# Alle Informationen aktualisiert 28.03.22<\/p>\n","protected":false},"excerpt":{"rendered":"<p>Herzlich willkommen auf unserer Hochzeitswebseite! Wir hoffen, Ihr findet hier alle Informationen, die Ihr ben\u00f6tigt. Falls nicht, fragt uns. Viel Spa\u00df beim St\u00f6bern auf den Seiten. &nbsp; Alles Liebe und bis Bald Jan &amp; Katja &nbsp; Bitte meldet Euch m\u00f6glichst zeitnah, jedoch sp\u00e4testens bis zum 28. Mai 2022, \u00fcber das Kontaktformular oder direkt bei uns &hellip; <a href=\"https:\/\/hochzeitvonkatjaundjan.de\/\" class=\"more-link\"><span class=\"screen-reader-text\">\u201eStartseite\u201c <\/span>weiterlesen<\/a><\/p>\n","protected":false},"author":1,"featured_media":0,"parent":0,"menu_order":0,"comment_status":"closed","ping_status":"closed","template":"","meta":{"footnotes":""},"class_list":["post-33","page","type-page","status-publish","hentry"],"_links":{"self":[{"href":"https:\/\/hochzeitvonkatjaundjan.de\/index.php?rest_route=\/wp\/v2\/pages\/33","targetHints":{"allow":["GET"]}}],"collection":[{"href":"https:\/\/hochzeitvonkatjaundjan.de\/index.php?rest_route=\/wp\/v2\/pages"}],"about":[{"href":"https:\/\/hochzeitvonkatjaundjan.de\/index.php?rest_route=\/wp\/v2\/types\/page"}],"author":[{"embeddable":true,"href":"https:\/\/hochzeitvonkatjaundjan.de\/index.php?rest_route=\/wp\/v2\/users\/1"}],"replies":[{"embeddable":true,"href":"https:\/\/hochzeitvonkatjaundjan.de\/index.php?rest_route=%2Fwp%2Fv2%2Fcomments&post=33"}],"version-history":[{"count":10,"href":"https:\/\/hochzeitvonkatjaundjan.de\/index.php?rest_route=\/wp\/v2\/pages\/33\/revisions"}],"predecessor-version":[{"id":261,"href":"https:\/\/hochzeitvonkatjaundjan.de\/index.php?rest_route=\/wp\/v2\/pages\/33\/revisions\/261"}],"wp:attachment":[{"href":"https:\/\/hochzeitvonkatjaundjan.de\/index.php?rest_route=%2Fwp%2Fv2%2Fmedia&parent=33"}],"curies":[{"name":"wp","href":"https:\/\/api.w.org\/{rel}","templated":true}]}}