{"id":24,"date":"2020-09-27T17:24:34","date_gmt":"2020-09-27T17:24:34","guid":{"rendered":"http:\/\/hochzeitvonkatjaundjan.de\/?page_id=24"},"modified":"2022-08-09T12:48:03","modified_gmt":"2022-08-09T10:48:03","slug":"kirchliche-trauung-am-20-03","status":"publish","type":"page","link":"https:\/\/hochzeitvonkatjaundjan.de\/?page_id=24","title":{"rendered":"Kirchliche Trauung am 13.08."},"content":{"rendered":"<p>Unsere kirchliche Trauung findet in der Auferstehungskirche in Theesen statt.<\/p>\n<p>Die Kirche steht <strong>ab ca. 12.30 Uhr<\/strong> allen offen, sich schon einmal einen Sitzplatz zu suchen.<br \/>\n<span style=\"color: #ff0000;\"><strong>In der Kirche gilt FFP2-Maskenpflicht<\/strong>.<\/span><br \/>\nFalls ihr keine eigenen Masken dabei haben solltet, werden wir einige Masken bereit halten, damit niemand drau\u00dfen bleiben muss.<\/p>\n<p>Pastor Marcus Br\u00fcnger wird uns dann um <strong>13 Uhr<\/strong> trauen.<\/p>\n<p>Nach dem Gottesdienst wird es bis ca. 16 Uhr einen kleinen Sektempfang an der Kirche geben.<\/p>\n<p><iframe loading=\"lazy\" style=\"border: 0;\" tabindex=\"0\" src=\"https:\/\/www.google.com\/maps\/embed?pb=!1m18!1m12!1m3!1d2452.5808422244095!2d8.52089061658961!3d52.069155477293315!2m3!1f0!2f0!3f0!3m2!1i1024!2i768!4f13.1!3m3!1m2!1s0x47ba17f21d20cfa3%3A0x6fdfb168a0c9399d!2sAuferstehungskirche%20Theesen!5e0!3m2!1sde!2sde!4v1601227457392!5m2!1sde!2sde\" width=\"600\" height=\"450\" frameborder=\"0\" allowfullscreen=\"allowfullscreen\" aria-hidden=\"false\"><\/iframe><\/p>\n<p>Auferstehungskirche Theesen<br \/>\nTheesener Stra\u00dfe 33<br \/>\n33739 Bielefeld<\/p>\n<p>Gegen\u00fcber der Kirche gibt es einige Parkpl\u00e4tze an der Grundschule, ansonsten k\u00f6nnt Ihr auch in den umliegenden Anwohnerstra\u00dfen parken.<\/p>\n","protected":false},"excerpt":{"rendered":"<p>Unsere kirchliche Trauung findet in der Auferstehungskirche in Theesen statt. Die Kirche steht ab ca. 12.30 Uhr allen offen, sich schon einmal einen Sitzplatz zu suchen. In der Kirche gilt FFP2-Maskenpflicht. Falls ihr keine eigenen Masken dabei haben solltet, werden wir einige Masken bereit halten, damit niemand drau\u00dfen bleiben muss. Pastor Marcus Br\u00fcnger wird uns &hellip; <a href=\"https:\/\/hochzeitvonkatjaundjan.de\/?page_id=24\" class=\"more-link\"><span class=\"screen-reader-text\">\u201eKirchliche Trauung am 13.08.\u201c <\/span>weiterlesen<\/a><\/p>\n","protected":false},"author":1,"featured_media":0,"parent":17,"menu_order":1,"comment_status":"closed","ping_status":"closed","template":"","meta":{"footnotes":""},"class_list":["post-24","page","type-page","status-publish","hentry"],"_links":{"self":[{"href":"https:\/\/hochzeitvonkatjaundjan.de\/index.php?rest_route=\/wp\/v2\/pages\/24","targetHints":{"allow":["GET"]}}],"collection":[{"href":"https:\/\/hochzeitvonkatjaundjan.de\/index.php?rest_route=\/wp\/v2\/pages"}],"about":[{"href":"https:\/\/hochzeitvonkatjaundjan.de\/index.php?rest_route=\/wp\/v2\/types\/page"}],"author":[{"embeddable":true,"href":"https:\/\/hochzeitvonkatjaundjan.de\/index.php?rest_route=\/wp\/v2\/users\/1"}],"replies":[{"embeddable":true,"href":"https:\/\/hochzeitvonkatjaundjan.de\/index.php?rest_route=%2Fwp%2Fv2%2Fcomments&post=24"}],"version-history":[{"count":11,"href":"https:\/\/hochzeitvonkatjaundjan.de\/index.php?rest_route=\/wp\/v2\/pages\/24\/revisions"}],"predecessor-version":[{"id":264,"href":"https:\/\/hochzeitvonkatjaundjan.de\/index.php?rest_route=\/wp\/v2\/pages\/24\/revisions\/264"}],"up":[{"embeddable":true,"href":"https:\/\/hochzeitvonkatjaundjan.de\/index.php?rest_route=\/wp\/v2\/pages\/17"}],"wp:attachment":[{"href":"https:\/\/hochzeitvonkatjaundjan.de\/index.php?rest_route=%2Fwp%2Fv2%2Fmedia&parent=24"}],"curies":[{"name":"wp","href":"https:\/\/api.w.org\/{rel}","templated":true}]}}