{"id":182,"date":"2022-03-27T21:58:41","date_gmt":"2022-03-27T19:58:41","guid":{"rendered":"https:\/\/hochzeitvonkatjaundjan.de\/?page_id=182"},"modified":"2022-03-28T22:25:35","modified_gmt":"2022-03-28T20:25:35","slug":"dresscode","status":"publish","type":"page","link":"https:\/\/hochzeitvonkatjaundjan.de\/?page_id=182","title":{"rendered":"Dresscode"},"content":{"rendered":"<p>Schm\u00fcckender Anzug und wei\u00dfes Traumkleid.<br \/>\n&#8211; Das ist der Dresscode f\u00fcr das Brautpaar.<\/p>\n<p>Alle anderen G\u00e4ste d\u00fcrfen sich gerne herausputzen &#8211; wir freuen uns besonders \u00fcber sommerliche Farben.<br \/>\nViel wichtiger ist es f\u00fcr uns jedoch, dass Ihr den Tag mit uns feiert. Der einzig wirklich wichtige Dresscode steht oben, alles andere ist Wohlf\u00fchlsache. <\/p>\n","protected":false},"excerpt":{"rendered":"<p>Schm\u00fcckender Anzug und wei\u00dfes Traumkleid. &#8211; Das ist der Dresscode f\u00fcr das Brautpaar. Alle anderen G\u00e4ste d\u00fcrfen sich gerne herausputzen &#8211; wir freuen uns besonders \u00fcber sommerliche Farben. Viel wichtiger ist es f\u00fcr uns jedoch, dass Ihr den Tag mit uns feiert. Der einzig wirklich wichtige Dresscode steht oben, alles andere ist Wohlf\u00fchlsache.<\/p>\n","protected":false},"author":1,"featured_media":0,"parent":39,"menu_order":1,"comment_status":"closed","ping_status":"closed","template":"","meta":{"footnotes":""},"class_list":["post-182","page","type-page","status-publish","hentry"],"_links":{"self":[{"href":"https:\/\/hochzeitvonkatjaundjan.de\/index.php?rest_route=\/wp\/v2\/pages\/182","targetHints":{"allow":["GET"]}}],"collection":[{"href":"https:\/\/hochzeitvonkatjaundjan.de\/index.php?rest_route=\/wp\/v2\/pages"}],"about":[{"href":"https:\/\/hochzeitvonkatjaundjan.de\/index.php?rest_route=\/wp\/v2\/types\/page"}],"author":[{"embeddable":true,"href":"https:\/\/hochzeitvonkatjaundjan.de\/index.php?rest_route=\/wp\/v2\/users\/1"}],"replies":[{"embeddable":true,"href":"https:\/\/hochzeitvonkatjaundjan.de\/index.php?rest_route=%2Fwp%2Fv2%2Fcomments&post=182"}],"version-history":[{"count":3,"href":"https:\/\/hochzeitvonkatjaundjan.de\/index.php?rest_route=\/wp\/v2\/pages\/182\/revisions"}],"predecessor-version":[{"id":187,"href":"https:\/\/hochzeitvonkatjaundjan.de\/index.php?rest_route=\/wp\/v2\/pages\/182\/revisions\/187"}],"up":[{"embeddable":true,"href":"https:\/\/hochzeitvonkatjaundjan.de\/index.php?rest_route=\/wp\/v2\/pages\/39"}],"wp:attachment":[{"href":"https:\/\/hochzeitvonkatjaundjan.de\/index.php?rest_route=%2Fwp%2Fv2%2Fmedia&parent=182"}],"curies":[{"name":"wp","href":"https:\/\/api.w.org\/{rel}","templated":true}]}}